{"id":5388,"date":"2018-04-25T07:09:09","date_gmt":"2018-04-25T07:09:09","guid":{"rendered":"http:\/\/webso.ca\/?page_id=5388"},"modified":"2020-05-29T11:32:07","modified_gmt":"2020-05-29T11:32:07","slug":"contact-us","status":"publish","type":"page","link":"https:\/\/webso.ca\/fr\/contact-us\/","title":{"rendered":"Nous contacter"},"content":{"rendered":"<p>[vc_row content_width=\u00a0\u00bbgrid\u00a0\u00bb css=\u00a0\u00bb.vc_custom_1493776646046{padding-top: 50px !important;padding-bottom: 50px !important;}\u00a0\u00bb][vc_column offset=\u00a0\u00bbvc_col-lg-6 vc_col-md-6&Prime; css=\u00a0\u00bb.vc_custom_1458732410811{padding-right: 6.2% !important;}\u00a0\u00bb][vc_empty_space height=\u00a0\u00bb8px\u00a0\u00bb]\n<div class=\"wpcf7 no-js\" id=\"wpcf7-f5450-o1\" lang=\"\" dir=\"ltr\" data-wpcf7-id=\"5450\">\n<div class=\"screen-reader-response\"><p role=\"status\" aria-live=\"polite\" aria-atomic=\"true\"><\/p> <ul><\/ul><\/div>\n<form action=\"\/fr\/wp-json\/wp\/v2\/pages\/5388#wpcf7-f5450-o1\" method=\"post\" class=\"wpcf7-form init cf7_custom_style_1\" aria-label=\"Formulaire de contact\" novalidate=\"novalidate\" data-status=\"init\">\n<div style=\"display: none;\">\n<input type=\"hidden\" name=\"_wpcf7\" value=\"5450\" \/>\n<input type=\"hidden\" name=\"_wpcf7_version\" value=\"6.0.6\" \/>\n<input type=\"hidden\" name=\"_wpcf7_locale\" value=\"\" \/>\n<input type=\"hidden\" name=\"_wpcf7_unit_tag\" value=\"wpcf7-f5450-o1\" \/>\n<input type=\"hidden\" name=\"_wpcf7_container_post\" value=\"0\" \/>\n<input type=\"hidden\" name=\"_wpcf7_posted_data_hash\" value=\"\" \/>\n<\/div>\n<p>Votre nom (requis)\n<\/p>\n<p><span class=\"wpcf7-form-control-wrap\" data-name=\"your-name\"><input size=\"40\" maxlength=\"400\" class=\"wpcf7-form-control wpcf7-text wpcf7-validates-as-required\" aria-required=\"true\" aria-invalid=\"false\" value=\"\" type=\"text\" name=\"your-name\" \/><\/span>\n<\/p>\n<p>Votre courriel (requis)\n<\/p>\n<p><span class=\"wpcf7-form-control-wrap\" data-name=\"your-email\"><input size=\"40\" maxlength=\"400\" class=\"wpcf7-form-control wpcf7-email wpcf7-validates-as-required wpcf7-text wpcf7-validates-as-email\" aria-required=\"true\" aria-invalid=\"false\" value=\"\" type=\"email\" name=\"your-email\" \/><\/span>\n<\/p>\n<p>Votre t\u00e9l\u00e9phone\n<\/p>\n<p><span class=\"wpcf7-form-control-wrap\" data-name=\"telephone\"><input size=\"40\" maxlength=\"400\" class=\"wpcf7-form-control wpcf7-tel wpcf7-text wpcf7-validates-as-tel\" aria-invalid=\"false\" value=\"\" type=\"tel\" name=\"telephone\" \/><\/span>\n<\/p>\n<p>Sujet (requis)\n<\/p>\n<p><span class=\"wpcf7-form-control-wrap\" data-name=\"your-subject\"><input size=\"40\" maxlength=\"400\" class=\"wpcf7-form-control wpcf7-text wpcf7-validates-as-required\" aria-required=\"true\" aria-invalid=\"false\" value=\"\" type=\"text\" name=\"your-subject\" \/><\/span>\n<\/p>\n<p>Votre message (requis)\n<\/p>\n<p><span class=\"wpcf7-form-control-wrap\" data-name=\"your-message\"><textarea cols=\"40\" rows=\"10\" maxlength=\"2000\" class=\"wpcf7-form-control wpcf7-textarea wpcf7-validates-as-required\" aria-required=\"true\" aria-invalid=\"false\" name=\"your-message\"><\/textarea><\/span>\n<\/p>\n<p>[recaptcha]\n<\/p>\n<p class=\"last\"><input class=\"wpcf7-form-control wpcf7-submit has-spinner\" type=\"submit\" value=\"Envoyer\" \/>\n<\/p><div class=\"wpcf7-response-output\" aria-hidden=\"true\"><\/div>\n<\/form>\n<\/div>\n[vc_empty_space height=\u00a0\u00bb50px\u00a0\u00bb][\/vc_column][vc_column width=\u00a0\u00bb1\/2&Prime; offset=\u00a0\u00bbvc_col-lg-3 vc_col-md-3&Prime; css=\u00a0\u00bb.vc_custom_1458737754394{padding-left: 5% !important;}\u00a0\u00bb][vc_column_text]<\/p>\n<h4>Bureau de Montr\u00e9al<\/h4>\n<p>[\/vc_column_text][vc_empty_space height=\u00a0\u00bb15px\u00a0\u00bb][vc_column_text]Nous sommes bas\u00e9 dans la belle ville de Montr\u00e9al. Voulez-vous planifi\u00e9 un meeting ou simplement aller prendre un caf\u00e9? Laissez nous savoir.[\/vc_column_text]<div class=\"edgtf-separator-holder clearfix  edgtf-separator-left\">\n\t<div class=\"edgtf-separator\" style=\"border-color: #cbcbcb;width: 92%;margin-top: 33px;margin-bottom: 30px\"><\/div>\n<\/div>\n\n<div class=\"edgtf-custom-font-holder\" style=\"font-family: raleway;font-size: 12px;line-height: 28px;font-weight: 500;letter-spacing: 0.5px;text-transform: Uppercase;color: #888888\" data-font-size= 12 data-line-height= 28>\n\t5256 BYRON, MONTREAL,<br \/>\nQUEBEC, CANADA<\/div>[vc_empty_space height=\u00a0\u00bb20px\u00a0\u00bb][vc_raw_html]VCVDMyVBOWwlQzMlQTlwaG9uZSUzQSUyMCUzQ2ElMjBocmVmJTNEJTIydGVsJTNBMTg1NTU5NzM4MzglMjIlM0UxLTg1NS01OTctMzgzOCUzQyUyRmElM0UlMjAlM0MlMkZiciUzRSUwQURlbWFuZGVzJTIwZyVDMyVBOW4lQzMlQTlyYWxlcyUzQSUyMCUzQ2ElMjBocmVmJTNEJTIybWFpbHRvJTNBaW5mbyU0MHdlYnNvLmNhJTIyJTNFaW5mbyU0MHdlYnNvLmNhJTNDJTJGYSUzRSUyMCUzQyUyRmJyJTNFJTBBRGVtYW5kZSUyMFNob3BpZnklM0ElMjAlM0NhJTIwaHJlZiUzRCUyMm1haWx0byUzQXNob3BpZnklNDB3ZWJzby5jYSUyMiUzRXNob3BpZnklNDB3ZWJzby5jYSUzQyUyRmElM0U=[\/vc_raw_html][vc_empty_space height=\u00a0\u00bb50px\u00a0\u00bb][\/vc_column][vc_column width=\u00a0\u00bb1\/2&Prime; offset=\u00a0\u00bbvc_col-lg-3 vc_col-md-3&Prime; css=\u00a0\u00bb.vc_custom_1458737762447{padding-left: 5% !important;}\u00a0\u00bb][vc_column_text]<\/p>\n<h4>M\u00e9dia Sociaux<\/h4>\n<p>[\/vc_column_text][vc_empty_space height=\u00a0\u00bb15px\u00a0\u00bb][vc_column_text]Vous pouvez nous rejoindre par courriel, t\u00e9l\u00e9phone ou en utilisant les options suivantes.[\/vc_column_text][vc_empty_space height=\u00a0\u00bb26px\u00a0\u00bb]<div class=\"edgtf-separator-holder clearfix  edgtf-separator-left\">\n\t<div class=\"edgtf-separator\" style=\"border-color: #cbcbcb;width: 92%;margin-top: 33px;margin-bottom: 30px\"><\/div>\n<\/div>\n[vc_raw_html]JTNDYSUyMGhyZWYlM0QlMjJodHRwcyUzQSUyRiUyRmNhLmxpbmtlZGluLmNvbSUyRmluJTJGcmJ1Z2VhZyUyMiUyMHRhcmdldCUzRCUyMl9ibGFuayUyMiUyMHJlbCUzRCUyMm5vb3BlbmVyJTIyJTNFTGlua2VkJTIwSW4lM0MlMkZhJTNFJTIwJTNDJTJGYnIlM0UlMEElM0NhJTIwaHJlZiUzRCUyMmh0dHAlM0ElMkYlMkZiaXQubHklMkYxSmdnbUtQJTIyJTIwdGFyZ2V0JTNEJTIyX2JsYW5rJTIyJTIwcmVsJTNEJTIybm9vcGVuZXIlMjIlM0VZb3V0dWJlJTNDJTJGYSUzRSUzQyUyRmJyJTNFJTBBJTNDYSUyMGhyZWYlM0QlMjJodHRwcyUzQSUyRiUyRmluc3RhZ3JhbS5jb20lMkZyYnVnZWFnJTJGJTIyJTIwdGFyZ2V0JTNEJTIyX2JsYW5rJTIyJTIwcmVsJTNEJTIybm9vcGVuZXIlMjIlM0VJbnN0YWdyYW0lM0MlMkZhJTNFJTNDJTJGYnIlM0UlMEElM0NhJTIwaHJlZiUzRCUyMmh0dHBzJTNBJTJGJTJGdHdpdHRlci5jb20lMkZSQnVnZWFnJTIyJTIwdGFyZ2V0JTNEJTIyX2JsYW5rJTIyJTIwcmVsJTNEJTIybm9vcGVuZXIlMjIlM0VUd2l0dGVyJTNDJTJGYSUzRSUyMCUzQyUyRmJyJTNFJTBBU2t5cGUlM0ElMjByb2JlcnQuYnVnZWFn[\/vc_raw_html][\/vc_column][\/vc_row][vc_row][vc_column]<div class=\"edgtf-google-map-holder\">\n\t<div class=\"edgtf-google-map\" id=\"edgtf-map-2279126\" data-addresses='[\"5256 Byron, Montreal, Quebec, H3W2E9\"]' data-custom-map-style=true data-color-overlay=#393939 data-saturation=-100 data-lightness=0 data-zoom=12 data-pin=https:\/\/webso.ca\/wp-content\/uploads\/2016\/03\/google-maps-pin-webso-media-montreal-quebec-canada.png data-unique-id=2279126 data-scroll-wheel=false data-height=364px><\/div>\n\t\t\t<div class=\"edgtf-google-map-overlay\"><\/div>\n\t<\/div>\n[\/vc_column][\/vc_row]<\/p>\n","protected":false},"excerpt":{"rendered":"<p>[vc_row content_width=\u00a0\u00bbgrid\u00a0\u00bb css=\u00a0\u00bb.vc_custom_1493776646046{padding-top: 50px !important;padding-bottom: 50px !important;}\u00a0\u00bb][vc_column offset=\u00a0\u00bbvc_col-lg-6 vc_col-md-6&Prime; css=\u00a0\u00bb.vc_custom_1458732410811{padding-right: 6.2% !important;}\u00a0\u00bb][vc_empty_space height=\u00a0\u00bb8px\u00a0\u00bb][vc_empty_space height=\u00a0\u00bb50px\u00a0\u00bb][\/vc_column][vc_column width=\u00a0\u00bb1\/2&Prime; offset=\u00a0\u00bbvc_col-lg-3 vc_col-md-3&Prime; css=\u00a0\u00bb.vc_custom_1458737754394{padding-left: 5% !important;}\u00a0\u00bb][vc_column_text] Bureau de Montr\u00e9al [\/vc_column_text][vc_empty_space height=\u00a0\u00bb15px\u00a0\u00bb][vc_column_text]Nous sommes bas\u00e9 dans la belle ville de Montr\u00e9al. Voulez-vous planifi\u00e9 un meeting ou simplement aller prendre un caf\u00e9? Laissez nous&#8230;<\/p>\n","protected":false},"author":1,"featured_media":0,"parent":0,"menu_order":0,"comment_status":"closed","ping_status":"closed","template":"full-width.php","meta":{"_monsterinsights_skip_tracking":false,"_monsterinsights_sitenote_active":false,"_monsterinsights_sitenote_note":"","_monsterinsights_sitenote_category":0,"footnotes":""},"class_list":["post-5388","page","type-page","status-publish","hentry"],"aioseo_notices":[],"_links":{"self":[{"href":"https:\/\/webso.ca\/fr\/wp-json\/wp\/v2\/pages\/5388","targetHints":{"allow":["GET"]}}],"collection":[{"href":"https:\/\/webso.ca\/fr\/wp-json\/wp\/v2\/pages"}],"about":[{"href":"https:\/\/webso.ca\/fr\/wp-json\/wp\/v2\/types\/page"}],"author":[{"embeddable":true,"href":"https:\/\/webso.ca\/fr\/wp-json\/wp\/v2\/users\/1"}],"replies":[{"embeddable":true,"href":"https:\/\/webso.ca\/fr\/wp-json\/wp\/v2\/comments?post=5388"}],"version-history":[{"count":27,"href":"https:\/\/webso.ca\/fr\/wp-json\/wp\/v2\/pages\/5388\/revisions"}],"predecessor-version":[{"id":5701,"href":"https:\/\/webso.ca\/fr\/wp-json\/wp\/v2\/pages\/5388\/revisions\/5701"}],"wp:attachment":[{"href":"https:\/\/webso.ca\/fr\/wp-json\/wp\/v2\/media?parent=5388"}],"curies":[{"name":"wp","href":"https:\/\/api.w.org\/{rel}","templated":true}]}}